{"id":181,"date":"2026-02-25T12:37:28","date_gmt":"2026-02-25T11:37:28","guid":{"rendered":"https:\/\/hellovendeg.hu\/?page_id=181"},"modified":"2026-04-14T14:17:11","modified_gmt":"2026-04-14T12:17:11","slug":"career","status":"publish","type":"page","link":"https:\/\/hellovendeg.hu\/en\/karrier\/","title":{"rendered":"Career"},"content":{"rendered":"","protected":false},"excerpt":{"rendered":"","protected":false},"author":1,"featured_media":0,"parent":0,"menu_order":0,"comment_status":"closed","ping_status":"closed","template":"","meta":{"_acf_changed":false,"_seopress_robots_primary_cat":"","_seopress_titles_title":"Karrier \u00e9s nyitott poz\u00edci\u00f3k a vend\u00e9gl\u00e1t\u00e1sban | Hello Vend\u00e9g","_seopress_titles_desc":"Csatlakozz a Hello Vend\u00e9g csapat\u00e1hoz! \u00c9p\u00edtsd vel\u00fcnk a j\u00f6v\u0151 vend\u00e9gl\u00e1t\u00e1s\u00e1t Budapest legikonikusabb helysz\u00ednein. Szakmai fejl\u0151d\u00e9s, pr\u00e9mium projektek \u00e9s inspir\u00e1l\u00f3 k\u00f6z\u00f6ss\u00e9g v\u00e1r.","_seopress_robots_index":"","footnotes":""},"class_list":["post-181","page","type-page","status-publish","hentry"],"acf":[],"_links":{"self":[{"href":"https:\/\/hellovendeg.hu\/en\/wp-json\/wp\/v2\/pages\/181","targetHints":{"allow":["GET"]}}],"collection":[{"href":"https:\/\/hellovendeg.hu\/en\/wp-json\/wp\/v2\/pages"}],"about":[{"href":"https:\/\/hellovendeg.hu\/en\/wp-json\/wp\/v2\/types\/page"}],"author":[{"embeddable":true,"href":"https:\/\/hellovendeg.hu\/en\/wp-json\/wp\/v2\/users\/1"}],"replies":[{"embeddable":true,"href":"https:\/\/hellovendeg.hu\/en\/wp-json\/wp\/v2\/comments?post=181"}],"version-history":[{"count":2,"href":"https:\/\/hellovendeg.hu\/en\/wp-json\/wp\/v2\/pages\/181\/revisions"}],"predecessor-version":[{"id":1654,"href":"https:\/\/hellovendeg.hu\/en\/wp-json\/wp\/v2\/pages\/181\/revisions\/1654"}],"wp:attachment":[{"href":"https:\/\/hellovendeg.hu\/en\/wp-json\/wp\/v2\/media?parent=181"}],"curies":[{"name":"wp","href":"https:\/\/api.w.org\/{rel}","templated":true}]}}