{"id":24,"date":"2026-02-23T14:50:59","date_gmt":"2026-02-23T13:50:59","guid":{"rendered":"https:\/\/hellovendeg.hu\/?page_id=24"},"modified":"2026-04-14T14:21:15","modified_gmt":"2026-04-14T12:21:15","slug":"marketing","status":"publish","type":"page","link":"https:\/\/hellovendeg.hu\/en\/marketing\/","title":{"rendered":"Marketing"},"content":{"rendered":"","protected":false},"excerpt":{"rendered":"","protected":false},"author":1,"featured_media":0,"parent":0,"menu_order":0,"comment_status":"closed","ping_status":"closed","template":"","meta":{"_acf_changed":false,"_seopress_robots_primary_cat":"","_seopress_titles_title":"Hirdet\u00e9si lehet\u0151s\u00e9gek \u00e9s marketing megjelen\u00e9s | Hello Vend\u00e9g","_seopress_titles_desc":"\u00c9rd el a 18-35-\u00f6s koroszt\u00e1lyt Budapest legforgalmasabb helysz\u00ednein! TV-s spotok, fizikai \u00e9s digit\u00e1lis rekl\u00e1mfel\u00fcletek havi 400.000 vend\u00e9g sz\u00e1m\u00e1ra a Hello Vend\u00e9g h\u00e1l\u00f3zat\u00e1ban.","_seopress_robots_index":"","footnotes":""},"class_list":["post-24","page","type-page","status-publish","hentry"],"acf":[],"_links":{"self":[{"href":"https:\/\/hellovendeg.hu\/en\/wp-json\/wp\/v2\/pages\/24","targetHints":{"allow":["GET"]}}],"collection":[{"href":"https:\/\/hellovendeg.hu\/en\/wp-json\/wp\/v2\/pages"}],"about":[{"href":"https:\/\/hellovendeg.hu\/en\/wp-json\/wp\/v2\/types\/page"}],"author":[{"embeddable":true,"href":"https:\/\/hellovendeg.hu\/en\/wp-json\/wp\/v2\/users\/1"}],"replies":[{"embeddable":true,"href":"https:\/\/hellovendeg.hu\/en\/wp-json\/wp\/v2\/comments?post=24"}],"version-history":[{"count":2,"href":"https:\/\/hellovendeg.hu\/en\/wp-json\/wp\/v2\/pages\/24\/revisions"}],"predecessor-version":[{"id":1658,"href":"https:\/\/hellovendeg.hu\/en\/wp-json\/wp\/v2\/pages\/24\/revisions\/1658"}],"wp:attachment":[{"href":"https:\/\/hellovendeg.hu\/en\/wp-json\/wp\/v2\/media?parent=24"}],"curies":[{"name":"wp","href":"https:\/\/api.w.org\/{rel}","templated":true}]}}