{"id":26,"date":"2026-02-23T14:51:08","date_gmt":"2026-02-23T13:51:08","guid":{"rendered":"https:\/\/hellovendeg.hu\/?page_id=26"},"modified":"2026-04-14T14:15:45","modified_gmt":"2026-04-14T12:15:45","slug":"contact","status":"publish","type":"page","link":"https:\/\/hellovendeg.hu\/en\/kapcsolat\/","title":{"rendered":"Contact"},"content":{"rendered":"","protected":false},"excerpt":{"rendered":"","protected":false},"author":1,"featured_media":0,"parent":0,"menu_order":0,"comment_status":"closed","ping_status":"closed","template":"","meta":{"_acf_changed":false,"_seopress_robots_primary_cat":"","_seopress_titles_title":"Kapcsolat \u2013 Keressen minket bizalommal | Hello Vend\u00e9g","_seopress_titles_desc":"L\u00e9pjen kapcsolatba a Hello Vend\u00e9g csapat\u00e1val! \u00daj \u00e9ttermi koncepci\u00f3, \u00fczemeltet\u00e9s vagy egy\u00fcttm\u0171k\u00f6d\u00e9s eset\u00e9n v\u00e1rjuk megkeres\u00e9s\u00e9t el\u00e9rhet\u0151s\u00e9geinken vagy online \u0171rlapunkon.","_seopress_robots_index":"","footnotes":""},"class_list":["post-26","page","type-page","status-publish","hentry"],"acf":[],"_links":{"self":[{"href":"https:\/\/hellovendeg.hu\/en\/wp-json\/wp\/v2\/pages\/26","targetHints":{"allow":["GET"]}}],"collection":[{"href":"https:\/\/hellovendeg.hu\/en\/wp-json\/wp\/v2\/pages"}],"about":[{"href":"https:\/\/hellovendeg.hu\/en\/wp-json\/wp\/v2\/types\/page"}],"author":[{"embeddable":true,"href":"https:\/\/hellovendeg.hu\/en\/wp-json\/wp\/v2\/users\/1"}],"replies":[{"embeddable":true,"href":"https:\/\/hellovendeg.hu\/en\/wp-json\/wp\/v2\/comments?post=26"}],"version-history":[{"count":2,"href":"https:\/\/hellovendeg.hu\/en\/wp-json\/wp\/v2\/pages\/26\/revisions"}],"predecessor-version":[{"id":1653,"href":"https:\/\/hellovendeg.hu\/en\/wp-json\/wp\/v2\/pages\/26\/revisions\/1653"}],"wp:attachment":[{"href":"https:\/\/hellovendeg.hu\/en\/wp-json\/wp\/v2\/media?parent=26"}],"curies":[{"name":"wp","href":"https:\/\/api.w.org\/{rel}","templated":true}]}}