{"id":28,"date":"2026-02-23T14:51:17","date_gmt":"2026-02-23T13:51:17","guid":{"rendered":"https:\/\/hellovendeg.hu\/?page_id=28"},"modified":"2026-04-14T14:22:12","modified_gmt":"2026-04-14T12:22:12","slug":"press","status":"publish","type":"page","link":"https:\/\/hellovendeg.hu\/en\/sajto\/","title":{"rendered":"Press"},"content":{"rendered":"","protected":false},"excerpt":{"rendered":"","protected":false},"author":1,"featured_media":0,"parent":0,"menu_order":0,"comment_status":"closed","ping_status":"closed","template":"","meta":{"_acf_changed":false,"_seopress_robots_primary_cat":"","_seopress_titles_title":"Sajt\u00f3megjelen\u00e9sek \u00e9s h\u00edrek \u2013 R\u00f3lunk \u00edrt\u00e1k | Hello Vend\u00e9g","_seopress_titles_desc":"Olvasd el a Hello Vend\u00e9g egys\u00e9geir\u0151l sz\u00f3l\u00f3 legfrissebb sajt\u00f3cikkeket, kritik\u00e1kat \u00e9s interj\u00fakat! V\u00e1logat\u00e1s a legfontosabb gasztron\u00f3miai \u00e9s \u00e9letm\u00f3d magazinok h\u00edreib\u0151l.","_seopress_robots_index":"","footnotes":""},"class_list":["post-28","page","type-page","status-publish","hentry"],"acf":[],"_links":{"self":[{"href":"https:\/\/hellovendeg.hu\/en\/wp-json\/wp\/v2\/pages\/28","targetHints":{"allow":["GET"]}}],"collection":[{"href":"https:\/\/hellovendeg.hu\/en\/wp-json\/wp\/v2\/pages"}],"about":[{"href":"https:\/\/hellovendeg.hu\/en\/wp-json\/wp\/v2\/types\/page"}],"author":[{"embeddable":true,"href":"https:\/\/hellovendeg.hu\/en\/wp-json\/wp\/v2\/users\/1"}],"replies":[{"embeddable":true,"href":"https:\/\/hellovendeg.hu\/en\/wp-json\/wp\/v2\/comments?post=28"}],"version-history":[{"count":2,"href":"https:\/\/hellovendeg.hu\/en\/wp-json\/wp\/v2\/pages\/28\/revisions"}],"predecessor-version":[{"id":1659,"href":"https:\/\/hellovendeg.hu\/en\/wp-json\/wp\/v2\/pages\/28\/revisions\/1659"}],"wp:attachment":[{"href":"https:\/\/hellovendeg.hu\/en\/wp-json\/wp\/v2\/media?parent=28"}],"curies":[{"name":"wp","href":"https:\/\/api.w.org\/{rel}","templated":true}]}}