{"id":32,"date":"2026-02-23T14:51:39","date_gmt":"2026-02-23T13:51:39","guid":{"rendered":"https:\/\/hellovendeg.hu\/?page_id=32"},"modified":"2026-04-14T14:20:09","modified_gmt":"2026-04-14T12:20:09","slug":"social-responsibility","status":"publish","type":"page","link":"https:\/\/hellovendeg.hu\/en\/kozossegi-szerepvallalas\/","title":{"rendered":"Social responsibility"},"content":{"rendered":"","protected":false},"excerpt":{"rendered":"","protected":false},"author":1,"featured_media":0,"parent":0,"menu_order":0,"comment_status":"closed","ping_status":"closed","template":"","meta":{"_acf_changed":false,"_seopress_robots_primary_cat":"","_seopress_titles_title":"K\u00f6z\u00f6ss\u00e9gi szerepv\u00e1llal\u00e1s \u00e9s t\u00e1rsadalmi felel\u0151ss\u00e9g | Hello Vend\u00e9g","_seopress_titles_desc":"A Hello Vend\u00e9g elk\u00f6telezett a j\u00f6v\u0151 \u00e9p\u00edt\u00e9se mellett. T\u00e1mogatjuk a fenntarthat\u00f3s\u00e1got, az oktat\u00e1st \u00e9s a r\u00e1szorul\u00f3kat, folyamatosan keresve az \u00faj k\u00f6z\u00f6ss\u00e9gi lehet\u0151s\u00e9geket.","_seopress_robots_index":"","footnotes":""},"class_list":["post-32","page","type-page","status-publish","hentry"],"acf":[],"_links":{"self":[{"href":"https:\/\/hellovendeg.hu\/en\/wp-json\/wp\/v2\/pages\/32","targetHints":{"allow":["GET"]}}],"collection":[{"href":"https:\/\/hellovendeg.hu\/en\/wp-json\/wp\/v2\/pages"}],"about":[{"href":"https:\/\/hellovendeg.hu\/en\/wp-json\/wp\/v2\/types\/page"}],"author":[{"embeddable":true,"href":"https:\/\/hellovendeg.hu\/en\/wp-json\/wp\/v2\/users\/1"}],"replies":[{"embeddable":true,"href":"https:\/\/hellovendeg.hu\/en\/wp-json\/wp\/v2\/comments?post=32"}],"version-history":[{"count":3,"href":"https:\/\/hellovendeg.hu\/en\/wp-json\/wp\/v2\/pages\/32\/revisions"}],"predecessor-version":[{"id":1657,"href":"https:\/\/hellovendeg.hu\/en\/wp-json\/wp\/v2\/pages\/32\/revisions\/1657"}],"wp:attachment":[{"href":"https:\/\/hellovendeg.hu\/en\/wp-json\/wp\/v2\/media?parent=32"}],"curies":[{"name":"wp","href":"https:\/\/api.w.org\/{rel}","templated":true}]}}