{"id":34,"date":"2026-02-23T14:51:47","date_gmt":"2026-02-23T13:51:47","guid":{"rendered":"https:\/\/hellovendeg.hu\/?page_id=34"},"modified":"2026-04-14T14:14:37","modified_gmt":"2026-04-14T12:14:37","slug":"developments","status":"publish","type":"page","link":"https:\/\/hellovendeg.hu\/en\/fejlesztesek\/","title":{"rendered":"Developments"},"content":{"rendered":"","protected":false},"excerpt":{"rendered":"","protected":false},"author":1,"featured_media":0,"parent":0,"menu_order":0,"comment_status":"closed","ping_status":"closed","template":"","meta":{"_acf_changed":false,"_seopress_robots_primary_cat":"","_seopress_titles_title":"Vend\u00e9gl\u00e1t\u00f3ipari fejleszt\u00e9s \u00e9s \u00fczemeltet\u00e9s | Hello Vend\u00e9g","_seopress_titles_desc":"Innovat\u00edv megold\u00e1sok a vend\u00e9gl\u00e1t\u00e1sban: koncepci\u00f3alkot\u00e1s, operat\u00edv management \u00e9s marketing. Val\u00f3s\u00edtsd meg projektjeidet a Hello Vend\u00e9g szak\u00e9rt\u0151 csapat\u00e1val!","_seopress_robots_index":"","footnotes":""},"class_list":["post-34","page","type-page","status-publish","hentry"],"acf":[],"_links":{"self":[{"href":"https:\/\/hellovendeg.hu\/en\/wp-json\/wp\/v2\/pages\/34","targetHints":{"allow":["GET"]}}],"collection":[{"href":"https:\/\/hellovendeg.hu\/en\/wp-json\/wp\/v2\/pages"}],"about":[{"href":"https:\/\/hellovendeg.hu\/en\/wp-json\/wp\/v2\/types\/page"}],"author":[{"embeddable":true,"href":"https:\/\/hellovendeg.hu\/en\/wp-json\/wp\/v2\/users\/1"}],"replies":[{"embeddable":true,"href":"https:\/\/hellovendeg.hu\/en\/wp-json\/wp\/v2\/comments?post=34"}],"version-history":[{"count":2,"href":"https:\/\/hellovendeg.hu\/en\/wp-json\/wp\/v2\/pages\/34\/revisions"}],"predecessor-version":[{"id":1652,"href":"https:\/\/hellovendeg.hu\/en\/wp-json\/wp\/v2\/pages\/34\/revisions\/1652"}],"wp:attachment":[{"href":"https:\/\/hellovendeg.hu\/en\/wp-json\/wp\/v2\/media?parent=34"}],"curies":[{"name":"wp","href":"https:\/\/api.w.org\/{rel}","templated":true}]}}