{"id":36,"date":"2026-02-23T14:51:55","date_gmt":"2026-02-23T13:51:55","guid":{"rendered":"https:\/\/hellovendeg.hu\/?page_id=36"},"modified":"2026-04-14T14:23:50","modified_gmt":"2026-04-14T12:23:50","slug":"for-content-creators","status":"publish","type":"page","link":"https:\/\/hellovendeg.hu\/en\/tartalomgyartoknak\/","title":{"rendered":"For content creators"},"content":{"rendered":"","protected":false},"excerpt":{"rendered":"","protected":false},"author":1,"featured_media":0,"parent":0,"menu_order":0,"comment_status":"closed","ping_status":"closed","template":"","meta":{"_acf_changed":false,"_seopress_robots_primary_cat":"","_seopress_titles_title":"Tartalomgy\u00e1rt\u00f3i egy\u00fcttm\u0171k\u00f6d\u00e9s \u00e9s Influencer program | Hello Vend\u00e9g","_seopress_titles_desc":"L\u00e9gy a Hello Vend\u00e9g tartalomgy\u00e1rt\u00f3ja! K\u00e9sz\u00edts kreat\u00edv vide\u00f3kat \u00e9s fot\u00f3kat Budapest legmen\u0151bb \u00e9ttermeiben \u00e9s sz\u00f3rakoz\u00f3helyein. Jelentkezz k\u00f6z\u00f6s projektekre m\u00e9g ma!","_seopress_robots_index":"","footnotes":""},"class_list":["post-36","page","type-page","status-publish","hentry"],"acf":[],"_links":{"self":[{"href":"https:\/\/hellovendeg.hu\/en\/wp-json\/wp\/v2\/pages\/36","targetHints":{"allow":["GET"]}}],"collection":[{"href":"https:\/\/hellovendeg.hu\/en\/wp-json\/wp\/v2\/pages"}],"about":[{"href":"https:\/\/hellovendeg.hu\/en\/wp-json\/wp\/v2\/types\/page"}],"author":[{"embeddable":true,"href":"https:\/\/hellovendeg.hu\/en\/wp-json\/wp\/v2\/users\/1"}],"replies":[{"embeddable":true,"href":"https:\/\/hellovendeg.hu\/en\/wp-json\/wp\/v2\/comments?post=36"}],"version-history":[{"count":2,"href":"https:\/\/hellovendeg.hu\/en\/wp-json\/wp\/v2\/pages\/36\/revisions"}],"predecessor-version":[{"id":1661,"href":"https:\/\/hellovendeg.hu\/en\/wp-json\/wp\/v2\/pages\/36\/revisions\/1661"}],"wp:attachment":[{"href":"https:\/\/hellovendeg.hu\/en\/wp-json\/wp\/v2\/media?parent=36"}],"curies":[{"name":"wp","href":"https:\/\/api.w.org\/{rel}","templated":true}]}}