{"id":405,"date":"2026-03-09T16:32:30","date_gmt":"2026-03-09T15:32:30","guid":{"rendered":"https:\/\/hellovendeg.hu\/?page_id=405"},"modified":"2026-04-14T14:11:34","modified_gmt":"2026-04-14T12:11:34","slug":"pubs","status":"publish","type":"page","link":"https:\/\/hellovendeg.hu\/en\/barok\/","title":{"rendered":"Bars"},"content":{"rendered":"","protected":false},"excerpt":{"rendered":"","protected":false},"author":1,"featured_media":0,"parent":0,"menu_order":0,"comment_status":"closed","ping_status":"closed","template":"","meta":{"_acf_changed":false,"_seopress_robots_primary_cat":"","_seopress_titles_title":"Legjobb b\u00e1rok, pubok \u00e9s sportb\u00e1rok Budapesten \u2013 Hello Vend\u00e9g","_seopress_titles_desc":"Fedezd fel Budapest legn\u00e9pszer\u0171bb b\u00e1rjait! A Hello Vend\u00e9g portf\u00f3li\u00f3j\u00e1ban pr\u00e9mium kokt\u00e9lb\u00e1rok, retro kocsm\u00e1k \u00e9s meccsn\u00e9z\u0151s sportb\u00e1rok v\u00e1rnak. Tal\u00e1ld meg a t\u00f6k\u00e9letes helysz\u00ednt!","_seopress_robots_index":"","footnotes":""},"class_list":["post-405","page","type-page","status-publish","hentry"],"acf":[],"_links":{"self":[{"href":"https:\/\/hellovendeg.hu\/en\/wp-json\/wp\/v2\/pages\/405","targetHints":{"allow":["GET"]}}],"collection":[{"href":"https:\/\/hellovendeg.hu\/en\/wp-json\/wp\/v2\/pages"}],"about":[{"href":"https:\/\/hellovendeg.hu\/en\/wp-json\/wp\/v2\/types\/page"}],"author":[{"embeddable":true,"href":"https:\/\/hellovendeg.hu\/en\/wp-json\/wp\/v2\/users\/1"}],"replies":[{"embeddable":true,"href":"https:\/\/hellovendeg.hu\/en\/wp-json\/wp\/v2\/comments?post=405"}],"version-history":[{"count":3,"href":"https:\/\/hellovendeg.hu\/en\/wp-json\/wp\/v2\/pages\/405\/revisions"}],"predecessor-version":[{"id":1649,"href":"https:\/\/hellovendeg.hu\/en\/wp-json\/wp\/v2\/pages\/405\/revisions\/1649"}],"wp:attachment":[{"href":"https:\/\/hellovendeg.hu\/en\/wp-json\/wp\/v2\/media?parent=405"}],"curies":[{"name":"wp","href":"https:\/\/api.w.org\/{rel}","templated":true}]}}