{"id":409,"date":"2026-03-09T16:34:27","date_gmt":"2026-03-09T15:34:27","guid":{"rendered":"https:\/\/hellovendeg.hu\/?page_id=409"},"modified":"2026-04-14T14:13:42","modified_gmt":"2026-04-14T12:13:42","slug":"restaurants","status":"publish","type":"page","link":"https:\/\/hellovendeg.hu\/en\/ettermek\/","title":{"rendered":"Restaurants"},"content":{"rendered":"","protected":false},"excerpt":{"rendered":"","protected":false},"author":1,"featured_media":0,"parent":0,"menu_order":0,"comment_status":"closed","ping_status":"closed","template":"","meta":{"_acf_changed":false,"_seopress_robots_primary_cat":"","_seopress_titles_title":"Pr\u00e9mium \u00e9ttermek Budapesten \u2013 Gasztro\u00e9lm\u00e9nyek | Hello Vend\u00e9g","_seopress_titles_desc":"Fedezd fel a Hello Vend\u00e9g v\u00e1logatott \u00e9ttermeit! A Michelin-aj\u00e1nlott Tati-t\u00f3l a tr\u00f3pusi Twentysix-ig: magyaros konyha, mediterr\u00e1n o\u00e1zis \u00e9s k\u00fcl\u00f6nleges design \u00e9ttermek.","_seopress_robots_index":"","footnotes":""},"class_list":["post-409","page","type-page","status-publish","hentry"],"acf":[],"_links":{"self":[{"href":"https:\/\/hellovendeg.hu\/en\/wp-json\/wp\/v2\/pages\/409","targetHints":{"allow":["GET"]}}],"collection":[{"href":"https:\/\/hellovendeg.hu\/en\/wp-json\/wp\/v2\/pages"}],"about":[{"href":"https:\/\/hellovendeg.hu\/en\/wp-json\/wp\/v2\/types\/page"}],"author":[{"embeddable":true,"href":"https:\/\/hellovendeg.hu\/en\/wp-json\/wp\/v2\/users\/1"}],"replies":[{"embeddable":true,"href":"https:\/\/hellovendeg.hu\/en\/wp-json\/wp\/v2\/comments?post=409"}],"version-history":[{"count":2,"href":"https:\/\/hellovendeg.hu\/en\/wp-json\/wp\/v2\/pages\/409\/revisions"}],"predecessor-version":[{"id":1651,"href":"https:\/\/hellovendeg.hu\/en\/wp-json\/wp\/v2\/pages\/409\/revisions\/1651"}],"wp:attachment":[{"href":"https:\/\/hellovendeg.hu\/en\/wp-json\/wp\/v2\/media?parent=409"}],"curies":[{"name":"wp","href":"https:\/\/api.w.org\/{rel}","templated":true}]}}