{"id":499,"date":"2026-03-10T12:41:56","date_gmt":"2026-03-10T11:41:56","guid":{"rendered":"https:\/\/hellovendeg.hu\/?page_id=499"},"modified":"2026-04-14T14:23:07","modified_gmt":"2026-04-14T12:23:07","slug":"clubs","status":"publish","type":"page","link":"https:\/\/hellovendeg.hu\/en\/szorakozohelyek\/","title":{"rendered":"Clubs"},"content":{"rendered":"","protected":false},"excerpt":{"rendered":"","protected":false},"author":1,"featured_media":0,"parent":0,"menu_order":0,"comment_status":"closed","ping_status":"closed","template":"","meta":{"_acf_changed":false,"_seopress_robots_primary_cat":"","_seopress_titles_title":"Sz\u00f3rakoz\u00f3helyek \u00e9s klubok Budapesten \u2013 \u00c9jszakai \u00e9let | Hello Vend\u00e9g","_seopress_titles_desc":"Fedezd fel Budapest legn\u00e9pszer\u0171bb sz\u00f3rakoz\u00f3helyeit! A Hello Vend\u00e9g portf\u00f3li\u00f3j\u00e1ban party komplexumok, bili\u00e1rdszalonok \u00e9s t\u00e1ncterek v\u00e1rnak a h\u00e9t minden napj\u00e1n.","_seopress_robots_index":"","footnotes":""},"class_list":["post-499","page","type-page","status-publish","hentry"],"acf":[],"_links":{"self":[{"href":"https:\/\/hellovendeg.hu\/en\/wp-json\/wp\/v2\/pages\/499","targetHints":{"allow":["GET"]}}],"collection":[{"href":"https:\/\/hellovendeg.hu\/en\/wp-json\/wp\/v2\/pages"}],"about":[{"href":"https:\/\/hellovendeg.hu\/en\/wp-json\/wp\/v2\/types\/page"}],"author":[{"embeddable":true,"href":"https:\/\/hellovendeg.hu\/en\/wp-json\/wp\/v2\/users\/1"}],"replies":[{"embeddable":true,"href":"https:\/\/hellovendeg.hu\/en\/wp-json\/wp\/v2\/comments?post=499"}],"version-history":[{"count":2,"href":"https:\/\/hellovendeg.hu\/en\/wp-json\/wp\/v2\/pages\/499\/revisions"}],"predecessor-version":[{"id":1660,"href":"https:\/\/hellovendeg.hu\/en\/wp-json\/wp\/v2\/pages\/499\/revisions\/1660"}],"wp:attachment":[{"href":"https:\/\/hellovendeg.hu\/en\/wp-json\/wp\/v2\/media?parent=499"}],"curies":[{"name":"wp","href":"https:\/\/api.w.org\/{rel}","templated":true}]}}