{"id":74,"date":"2026-02-24T15:20:05","date_gmt":"2026-02-24T14:20:05","guid":{"rendered":"https:\/\/hellovendeg.hu\/?page_id=74"},"modified":"2026-04-14T14:24:42","modified_gmt":"2026-04-14T12:24:42","slug":"impressum","status":"publish","type":"page","link":"https:\/\/hellovendeg.hu\/en\/impresszum\/","title":{"rendered":"Impressum"},"content":{"rendered":"<h2 class=\"wp-block-heading\">Impressum<\/h2>\n\n\n\n<p><strong>Company details:<\/strong><\/p>\n\n\n\n<p>Name: Hello Vend\u00e9g Zrt.<br>Registered office: 1212 Budapest, Szebeni utca 1.<br>Mailing address: 1212 Budapest, Szebeni utca 1.<br>Tax number: 29036370-2-43<br>Company registration number: 01 10 141221<br>Phone:\u00a0<br>E-mail: hello@hellovendeg.hu<\/p>\n\n\n\n<p><strong>\u00a9 All rights reserved 2026, Hello Vend\u00e9g Zrt., Budapest, Hungary<\/strong><\/p>\n\n\n\n<p>All rights reserved.<\/p>\n\n\n\n<p>The texts, images, graphics, music, animations, and videos found on the Hello Vend\u00e9g websites, as well as their arrangement, are protected by copyright and other relevant laws.<\/p>\n\n\n\n<p>The content of these websites may not be copied, distributed, modified, or transferred to third parties for commercial purposes.<\/p>","protected":false},"excerpt":{"rendered":"<p>Impresszum A v\u00e1llalkoz\u00e1s adatai: N\u00e9v: Hello Vend\u00e9g Zrt.Sz\u00e9khely: 1212 Budapest, Szebeni utca 1.Postac\u00edm: 1212 Budapest, Szebeni utca 1.Ad\u00f3sz\u00e1m: 29036370-2-43C\u00e9gjegyz\u00e9k sz\u00e1m: 01 10 141221Telefon:\u00a0E-mail: hello@hellovendeg.hu \u00a9 Minden jog fenntartva 2026, Hello Vend\u00e9g Zrt., Budapest, Magyarorsz\u00e1g Minden jog fenntartva. A Hello Vend\u00e9g weboldalain tal\u00e1lhat\u00f3 sz\u00f6vegek, k\u00e9pek, grafik\u00e1k, zen\u00e9k, anim\u00e1ci\u00f3k \u00e9s vide\u00f3k, valamint ezek elrendez\u00e9se szerz\u0151i jogv\u00e9delem \u00e9s [&hellip;]<\/p>\n","protected":false},"author":1,"featured_media":0,"parent":0,"menu_order":0,"comment_status":"closed","ping_status":"closed","template":"","meta":{"_acf_changed":false,"_seopress_robots_primary_cat":"","_seopress_titles_title":"Impresszum \u2013 Hivatalos adatok \u00e9s inform\u00e1ci\u00f3k | Hello Vend\u00e9g","_seopress_titles_desc":"A Hello Vend\u00e9g c\u00e9gcsoport hivatalos adatai, el\u00e9rhet\u0151s\u00e9gei \u00e9s jogi nyilatkozata. Itt megtal\u00e1lja a weboldal \u00fczemeltet\u00e9s\u00e9vel kapcsolatos \u00f6sszes alapvet\u0151 inform\u00e1ci\u00f3t.","_seopress_robots_index":"","footnotes":""},"class_list":["post-74","page","type-page","status-publish","hentry"],"acf":[],"_links":{"self":[{"href":"https:\/\/hellovendeg.hu\/en\/wp-json\/wp\/v2\/pages\/74","targetHints":{"allow":["GET"]}}],"collection":[{"href":"https:\/\/hellovendeg.hu\/en\/wp-json\/wp\/v2\/pages"}],"about":[{"href":"https:\/\/hellovendeg.hu\/en\/wp-json\/wp\/v2\/types\/page"}],"author":[{"embeddable":true,"href":"https:\/\/hellovendeg.hu\/en\/wp-json\/wp\/v2\/users\/1"}],"replies":[{"embeddable":true,"href":"https:\/\/hellovendeg.hu\/en\/wp-json\/wp\/v2\/comments?post=74"}],"version-history":[{"count":3,"href":"https:\/\/hellovendeg.hu\/en\/wp-json\/wp\/v2\/pages\/74\/revisions"}],"predecessor-version":[{"id":1662,"href":"https:\/\/hellovendeg.hu\/en\/wp-json\/wp\/v2\/pages\/74\/revisions\/1662"}],"wp:attachment":[{"href":"https:\/\/hellovendeg.hu\/en\/wp-json\/wp\/v2\/media?parent=74"}],"curies":[{"name":"wp","href":"https:\/\/api.w.org\/{rel}","templated":true}]}}